{"id":4,"date":"2011-02-22T21:56:50","date_gmt":"2011-02-22T20:56:50","guid":{"rendered":"http:\/\/jardinsetbassins.com\/cms\/"},"modified":"2014-12-23T11:15:46","modified_gmt":"2014-12-23T10:15:46","slug":"realisations","status":"publish","type":"page","link":"https:\/\/jardinsetbassins.com\/cms\/realisations\/","title":{"rendered":"R\u00e9alisations"},"content":{"rendered":"<p>Voici quelques fiches de r\u00e9alisations qui vous donnent une id\u00e9e de l&rsquo;\u00e9tendue de notre savoir-faire :<\/p>\n","protected":false},"excerpt":{"rendered":"<p>Voici quelques fiches de r\u00e9alisations qui vous donnent une id\u00e9e de l&rsquo;\u00e9tendue de notre savoir-faire :<\/p>\n","protected":false},"author":3,"featured_media":43,"parent":0,"menu_order":50,"comment_status":"closed","ping_status":"closed","template":"paget-posts.php","meta":{"ngg_post_thumbnail":0,"footnotes":""},"class_list":["post-4","page","type-page","status-publish","has-post-thumbnail","hentry"],"_links":{"self":[{"href":"https:\/\/jardinsetbassins.com\/cms\/wp-json\/wp\/v2\/pages\/4","targetHints":{"allow":["GET"]}}],"collection":[{"href":"https:\/\/jardinsetbassins.com\/cms\/wp-json\/wp\/v2\/pages"}],"about":[{"href":"https:\/\/jardinsetbassins.com\/cms\/wp-json\/wp\/v2\/types\/page"}],"author":[{"embeddable":true,"href":"https:\/\/jardinsetbassins.com\/cms\/wp-json\/wp\/v2\/users\/3"}],"replies":[{"embeddable":true,"href":"https:\/\/jardinsetbassins.com\/cms\/wp-json\/wp\/v2\/comments?post=4"}],"version-history":[{"count":105,"href":"https:\/\/jardinsetbassins.com\/cms\/wp-json\/wp\/v2\/pages\/4\/revisions"}],"predecessor-version":[{"id":476,"href":"https:\/\/jardinsetbassins.com\/cms\/wp-json\/wp\/v2\/pages\/4\/revisions\/476"}],"wp:featuredmedia":[{"embeddable":true,"href":"https:\/\/jardinsetbassins.com\/cms\/wp-json\/wp\/v2\/media\/43"}],"wp:attachment":[{"href":"https:\/\/jardinsetbassins.com\/cms\/wp-json\/wp\/v2\/media?parent=4"}],"curies":[{"name":"wp","href":"https:\/\/api.w.org\/{rel}","templated":true}]}}