{"id":79,"date":"2011-03-15T16:43:12","date_gmt":"2011-03-15T15:43:12","guid":{"rendered":"http:\/\/jardinsetbassins.com\/cms\/?page_id=79"},"modified":"2011-03-22T17:40:03","modified_gmt":"2011-03-22T16:40:03","slug":"mentions-legales","status":"publish","type":"page","link":"http:\/\/jardinsetbassins.com\/cms\/mentions-legales\/","title":{"rendered":"Mentions l\u00e9gales"},"content":{"rendered":"<p>Le site jardinsetbassins.com appartient \u00e0 l&rsquo;EURL Jardins et Bassins enregistr\u00e9e au RCS Lyon B sous le num\u00e9ro 494 014 392 et dont le si\u00e8ge social est sis au 830A chemin des Ferrati\u00e8res, 69390 CHARLY \/ 06 21 59 20 66<\/p>\n<p>Directeur de la publication : St\u00e9phane Martin.<\/p>\n<p>H\u00e9bergement : OVH.com<\/p>\n","protected":false},"excerpt":{"rendered":"<p>Le site jardinsetbassins.com appartient \u00e0 l&rsquo;EURL Jardins et Bassins enregistr\u00e9e au RCS Lyon B sous le num\u00e9ro 494 014 392 et dont le si\u00e8ge social est sis au 830A chemin des Ferrati\u00e8res, 69390 CHARLY \/ 06 21 59 20 66 &hellip; <a class=\"more-link\" href=\"http:\/\/jardinsetbassins.com\/cms\/mentions-legales\/\">Lire la suite \u2192<\/a><\/p>\n","protected":false},"author":3,"featured_media":0,"parent":0,"menu_order":0,"comment_status":"closed","ping_status":"open","template":"","meta":{"ngg_post_thumbnail":0,"footnotes":""},"class_list":["post-79","page","type-page","status-publish","hentry"],"_links":{"self":[{"href":"http:\/\/jardinsetbassins.com\/cms\/wp-json\/wp\/v2\/pages\/79","targetHints":{"allow":["GET"]}}],"collection":[{"href":"http:\/\/jardinsetbassins.com\/cms\/wp-json\/wp\/v2\/pages"}],"about":[{"href":"http:\/\/jardinsetbassins.com\/cms\/wp-json\/wp\/v2\/types\/page"}],"author":[{"embeddable":true,"href":"http:\/\/jardinsetbassins.com\/cms\/wp-json\/wp\/v2\/users\/3"}],"replies":[{"embeddable":true,"href":"http:\/\/jardinsetbassins.com\/cms\/wp-json\/wp\/v2\/comments?post=79"}],"version-history":[{"count":4,"href":"http:\/\/jardinsetbassins.com\/cms\/wp-json\/wp\/v2\/pages\/79\/revisions"}],"predecessor-version":[{"id":153,"href":"http:\/\/jardinsetbassins.com\/cms\/wp-json\/wp\/v2\/pages\/79\/revisions\/153"}],"wp:attachment":[{"href":"http:\/\/jardinsetbassins.com\/cms\/wp-json\/wp\/v2\/media?parent=79"}],"curies":[{"name":"wp","href":"https:\/\/api.w.org\/{rel}","templated":true}]}}