{"id":64,"date":"2011-02-24T18:14:48","date_gmt":"2011-02-24T17:14:48","guid":{"rendered":"http:\/\/jardinsetbassins.com\/cms\/?page_id=64"},"modified":"2014-12-23T12:31:03","modified_gmt":"2014-12-23T11:31:03","slug":"partenaires","status":"publish","type":"page","link":"http:\/\/jardinsetbassins.com\/cms\/partenaires\/","title":{"rendered":"Partenaires"},"content":{"rendered":"<p>Jardins et Bassins travaille avec un r\u00e9seau de partenaires qualifi\u00e9s et \u00e9prouv\u00e9s :<\/p>\n<ul>\n<li>Electricit\u00e9 g\u00e9n\u00e9rale : <a href=\"http:\/\/www.home-light.fr\">Home Light<\/a><\/li>\n<li>P\u00e9pini\u00e8res : <a href=\"http:\/\/www.pepinieres-paysage-krafft.fr\/\">P\u00e9pini\u00e8res Krafft<cite><\/cite><\/a><\/li>\n<\/ul>\n<p>Jardins &amp; Bassins recommande les sites suivants :<\/p>\n<p>&nbsp;<\/p>\n<ul>\n<li>Divertissement th\u00e9\u00e2tre : <a href=\"http:\/\/www.patadome.com\">Patad\u00f4me<\/a><\/li>\n<li>D\u00e9fiscalisation : <a href=\"http:\/\/www.toutsurlesimpots.com\">Tout sur les imp\u00f4ts<\/a><\/li>\n<\/ul>\n<p>&nbsp;<\/p>\n","protected":false},"excerpt":{"rendered":"<p>Jardins et Bassins travaille avec un r\u00e9seau de partenaires qualifi\u00e9s et \u00e9prouv\u00e9s : Electricit\u00e9 g\u00e9n\u00e9rale : Home Light P\u00e9pini\u00e8res : P\u00e9pini\u00e8res Krafft Jardins &amp; Bassins recommande les sites suivants : &nbsp; Divertissement th\u00e9\u00e2tre : Patad\u00f4me D\u00e9fiscalisation : Tout sur les &hellip; <a class=\"more-link\" href=\"http:\/\/jardinsetbassins.com\/cms\/partenaires\/\">Lire la suite \u2192<\/a><\/p>\n","protected":false},"author":3,"featured_media":34,"parent":0,"menu_order":120,"comment_status":"closed","ping_status":"open","template":"","meta":{"ngg_post_thumbnail":0,"footnotes":""},"class_list":["post-64","page","type-page","status-publish","has-post-thumbnail","hentry"],"_links":{"self":[{"href":"http:\/\/jardinsetbassins.com\/cms\/wp-json\/wp\/v2\/pages\/64","targetHints":{"allow":["GET"]}}],"collection":[{"href":"http:\/\/jardinsetbassins.com\/cms\/wp-json\/wp\/v2\/pages"}],"about":[{"href":"http:\/\/jardinsetbassins.com\/cms\/wp-json\/wp\/v2\/types\/page"}],"author":[{"embeddable":true,"href":"http:\/\/jardinsetbassins.com\/cms\/wp-json\/wp\/v2\/users\/3"}],"replies":[{"embeddable":true,"href":"http:\/\/jardinsetbassins.com\/cms\/wp-json\/wp\/v2\/comments?post=64"}],"version-history":[{"count":18,"href":"http:\/\/jardinsetbassins.com\/cms\/wp-json\/wp\/v2\/pages\/64\/revisions"}],"predecessor-version":[{"id":528,"href":"http:\/\/jardinsetbassins.com\/cms\/wp-json\/wp\/v2\/pages\/64\/revisions\/528"}],"wp:featuredmedia":[{"embeddable":true,"href":"http:\/\/jardinsetbassins.com\/cms\/wp-json\/wp\/v2\/media\/34"}],"wp:attachment":[{"href":"http:\/\/jardinsetbassins.com\/cms\/wp-json\/wp\/v2\/media?parent=64"}],"curies":[{"name":"wp","href":"https:\/\/api.w.org\/{rel}","templated":true}]}}