{"id":310,"date":"2015-01-10T16:00:10","date_gmt":"2015-01-10T15:00:10","guid":{"rendered":"http:\/\/jardinsetbassins.com\/cms\/?page_id=310"},"modified":"2015-01-10T21:05:48","modified_gmt":"2015-01-10T20:05:48","slug":"actualites","status":"publish","type":"page","link":"http:\/\/jardinsetbassins.com\/cms\/actualites\/","title":{"rendered":"Actualit\u00e9s"},"content":{"rendered":"<p>Depuis fin 2014, Jardins &amp; Bassins a adh\u00e9r\u00e9 \u00e0 une coop\u00e9rative de services<\/p>\n<p>\u00e0 la personne; ainsi, des factures peuvent \u00eatre \u00e9tablies <a href=\"http:\/\/jardinsetbassins.com\/cms\/wp-content\/uploads\/2011\/02\/St\u00e9phane-Martin-en-pied.jpg\" rel=\"lightbox[310]\"><img loading=\"lazy\" decoding=\"async\" class=\" size-medium wp-image-55 alignright\" src=\"http:\/\/jardinsetbassins.com\/cms\/wp-content\/uploads\/2011\/02\/St\u00e9phane-Martin-en-pied-116x300.jpg\" alt=\"St\u00e9phane Martin en pied\" width=\"116\" height=\"300\" srcset=\"http:\/\/jardinsetbassins.com\/cms\/wp-content\/uploads\/2011\/02\/St\u00e9phane-Martin-en-pied-116x300.jpg 116w, http:\/\/jardinsetbassins.com\/cms\/wp-content\/uploads\/2011\/02\/St\u00e9phane-Martin-en-pied.jpg 397w\" sizes=\"auto, (max-width: 116px) 100vw, 116px\" \/><\/a>pour les petits<\/p>\n<p>travaux d&rsquo;entretien de jardin avec la possibilit\u00e9 d&rsquo;obtenir un cr\u00e9dit<\/p>\n<p>d&rsquo;imp\u00f4t de 50 %. Pour toute information compl\u00e9mentaire,<\/p>\n<p>contactez St\u00e9phane MARTIN.<\/p>\n","protected":false},"excerpt":{"rendered":"<p>Depuis fin 2014, Jardins &amp; Bassins a adh\u00e9r\u00e9 \u00e0 une coop\u00e9rative de services \u00e0 la personne; ainsi, des factures peuvent \u00eatre \u00e9tablies pour les petits travaux d&rsquo;entretien de jardin avec la possibilit\u00e9 d&rsquo;obtenir un cr\u00e9dit d&rsquo;imp\u00f4t de 50 %. Pour &hellip; <a class=\"more-link\" href=\"http:\/\/jardinsetbassins.com\/cms\/actualites\/\">Lire la suite \u2192<\/a><\/p>\n","protected":false},"author":3,"featured_media":0,"parent":0,"menu_order":0,"comment_status":"closed","ping_status":"closed","template":"paget-posts.php","meta":{"ngg_post_thumbnail":0,"footnotes":""},"class_list":["post-310","page","type-page","status-publish","hentry"],"_links":{"self":[{"href":"http:\/\/jardinsetbassins.com\/cms\/wp-json\/wp\/v2\/pages\/310","targetHints":{"allow":["GET"]}}],"collection":[{"href":"http:\/\/jardinsetbassins.com\/cms\/wp-json\/wp\/v2\/pages"}],"about":[{"href":"http:\/\/jardinsetbassins.com\/cms\/wp-json\/wp\/v2\/types\/page"}],"author":[{"embeddable":true,"href":"http:\/\/jardinsetbassins.com\/cms\/wp-json\/wp\/v2\/users\/3"}],"replies":[{"embeddable":true,"href":"http:\/\/jardinsetbassins.com\/cms\/wp-json\/wp\/v2\/comments?post=310"}],"version-history":[{"count":8,"href":"http:\/\/jardinsetbassins.com\/cms\/wp-json\/wp\/v2\/pages\/310\/revisions"}],"predecessor-version":[{"id":533,"href":"http:\/\/jardinsetbassins.com\/cms\/wp-json\/wp\/v2\/pages\/310\/revisions\/533"}],"wp:attachment":[{"href":"http:\/\/jardinsetbassins.com\/cms\/wp-json\/wp\/v2\/media?parent=310"}],"curies":[{"name":"wp","href":"https:\/\/api.w.org\/{rel}","templated":true}]}}