{"id":273,"date":"2012-01-27T17:56:50","date_gmt":"2012-01-27T16:56:50","guid":{"rendered":"http:\/\/jardinsetbassins.com\/cms\/?page_id=273"},"modified":"2012-01-28T14:09:27","modified_gmt":"2012-01-28T13:09:27","slug":"divers","status":"publish","type":"page","link":"http:\/\/jardinsetbassins.com\/cms\/divers\/","title":{"rendered":"Divers"},"content":{"rendered":"<p style=\"text-align: center;\"><strong><span style=\"color: #339966;\">Pri\u00e8re de l&rsquo;artisan<\/span><\/strong><\/p>\n<p style=\"text-align: center;\"><span style=\"color: #339966;\">Apprends-moi, Seigneur, \u00e0 bien user du temps que tu me donnes<\/span><br \/>\n<span style=\"color: #339966;\">Pour travailler, \u00e0 bien l&#8217;employer sans rien en perdre.<\/span><br \/>\n<span style=\"color: #339966;\">Apprends-moi \u00e0 tirer profit des erreurs pass\u00e9es<\/span><br \/>\n<span style=\"color: #339966;\">sans tomber dans le scrupule qui ronge.<\/span><br \/>\n<span style=\"color: #339966;\">Apprends-moi \u00e0 pr\u00e9voir le plan sans me tourmenter, \u00e0 imaginer l&rsquo;oeuvre<\/span><br \/>\n<span style=\"color: #339966;\">sans me d\u00e9soler si elle jaillit autrement.<\/span><br \/>\n<span style=\"color: #339966;\">Apprends-moi \u00e0 unir la h\u00e2te et la lenteur, la s\u00e9r\u00e9nit\u00e9 et la ferveur,<\/span><br \/>\n<span style=\"color: #339966;\">le z\u00e8le et la paix.<\/span><br \/>\n<span style=\"color: #339966;\">Aide-moi au d\u00e9part de l&rsquo;ouvrage, l\u00e0 o\u00f9 je suis le plus faible.<\/span><br \/>\n<span style=\"color: #339966;\">Aide-moi au coeur du labeur \u00e0 tenir serr\u00e9 le fil de l&rsquo;attention.<\/span><br \/>\n<span style=\"color: #339966;\">Et surtout comble Toi-m\u00eame les vides de mon oeuvre, Seigneur!<\/span><br \/>\n<span style=\"color: #339966;\">Dans tout le labeur de mes mains laisse une gr\u00e2ce de Toi<\/span><br \/>\n<span style=\"color: #339966;\">Pour parler aux autres et un d\u00e9faut de moi pour me parler \u00e0 moi-m\u00eame.<\/span><br \/>\n<span style=\"color: #339966;\">Garde en moi l&rsquo;esp\u00e9rance de la perfection, sans quoi je perdrais coeur.<\/span><br \/>\n<span style=\"color: #339966;\">Garde- moi dans l&rsquo;impuissance de la perfection,<\/span><br \/>\n<span style=\"color: #339966;\">sans quoi je me perdrais d&rsquo;orgueil.<\/span><br \/>\n<span style=\"color: #339966;\">Purifie mon regard: quand je fais mal, il n&rsquo;est pas s\u00fbr que ce soit mal,<\/span><br \/>\n<span style=\"color: #339966;\">Et quand je fais bien, il n&rsquo;est pas s\u00fbr que ce soit bien.<\/span><br \/>\n<span style=\"color: #339966;\">Seigneur, ne me laisse jamais oublier que tout savoir est vain sauf l\u00e0 o\u00f9<\/span><br \/>\n<span style=\"color: #339966;\">il y a du travail, et que tout travail est vide sauf l\u00e0 o\u00f9 il y a amour,<\/span><br \/>\n<span style=\"color: #339966;\">Et que tout amour est creux qui ne me lie \u00e0 moi-m\u00eame et aux autres et \u00e0 Toi, Seigneur!<\/span><br \/>\n<span style=\"color: #339966;\">Enseigne-moi \u00e0 prier avec mes mains, mes bras et toutes mes forces.<\/span><br \/>\n<span style=\"color: #339966;\">Rappelle-moi que l&rsquo;ouvrage de mes mains t&rsquo;appartient et qu&rsquo;il m&rsquo;appartient de<\/span><br \/>\n<span style=\"color: #339966;\">te le rendre en le donnant; que si je le fais par go\u00fbt du profit, comme un fruit<\/span><br \/>\n<span style=\"color: #339966;\">oubli\u00e9 je pourrirai \u00e0 l&rsquo;automne; que si je le fais pour plaire aux autres comme<\/span><br \/>\n<span style=\"color: #339966;\">la fleur de l&rsquo;herbe je fanerai au soir; mais si je le fais pour l&rsquo;amour du bien, je<\/span><br \/>\n<span style=\"color: #339966;\">demeurerai dans le bien.<\/span><\/p>\n","protected":false},"excerpt":{"rendered":"<p>Pri\u00e8re de l&rsquo;artisan Apprends-moi, Seigneur, \u00e0 bien user du temps que tu me donnes Pour travailler, \u00e0 bien l&#8217;employer sans rien en perdre. Apprends-moi \u00e0 tirer profit des erreurs pass\u00e9es sans tomber dans le scrupule qui ronge. Apprends-moi \u00e0 pr\u00e9voir &hellip; <a class=\"more-link\" href=\"http:\/\/jardinsetbassins.com\/cms\/divers\/\">Lire la suite \u2192<\/a><\/p>\n","protected":false},"author":3,"featured_media":0,"parent":0,"menu_order":0,"comment_status":"closed","ping_status":"open","template":"","meta":{"ngg_post_thumbnail":0,"footnotes":""},"class_list":["post-273","page","type-page","status-publish","hentry"],"_links":{"self":[{"href":"http:\/\/jardinsetbassins.com\/cms\/wp-json\/wp\/v2\/pages\/273","targetHints":{"allow":["GET"]}}],"collection":[{"href":"http:\/\/jardinsetbassins.com\/cms\/wp-json\/wp\/v2\/pages"}],"about":[{"href":"http:\/\/jardinsetbassins.com\/cms\/wp-json\/wp\/v2\/types\/page"}],"author":[{"embeddable":true,"href":"http:\/\/jardinsetbassins.com\/cms\/wp-json\/wp\/v2\/users\/3"}],"replies":[{"embeddable":true,"href":"http:\/\/jardinsetbassins.com\/cms\/wp-json\/wp\/v2\/comments?post=273"}],"version-history":[{"count":7,"href":"http:\/\/jardinsetbassins.com\/cms\/wp-json\/wp\/v2\/pages\/273\/revisions"}],"predecessor-version":[{"id":289,"href":"http:\/\/jardinsetbassins.com\/cms\/wp-json\/wp\/v2\/pages\/273\/revisions\/289"}],"wp:attachment":[{"href":"http:\/\/jardinsetbassins.com\/cms\/wp-json\/wp\/v2\/media?parent=273"}],"curies":[{"name":"wp","href":"https:\/\/api.w.org\/{rel}","templated":true}]}}